{"id":908,"date":"2022-02-07T14:58:21","date_gmt":"2022-02-07T14:58:21","guid":{"rendered":"https:\/\/shkodrasportevent.com\/?post_type=product&#038;p=908"},"modified":"2022-02-07T15:28:07","modified_gmt":"2022-02-07T15:28:07","slug":"cante-shpine","status":"publish","type":"product","link":"https:\/\/shkodrasportevent.com\/en\/product\/cante-shpine\/","title":{"rendered":"\u00c7ant\u00eb Shpine"},"content":{"rendered":"","protected":false},"excerpt":{"rendered":"<p>\u00c7ant\u00eb shpine me logo te FSHF, apo tjet\u00ebr<\/p>","protected":false},"featured_media":909,"comment_status":"open","ping_status":"closed","template":"","meta":{"qubely_global_settings":"","qubely_interactions":""},"product_brand":[],"product_cat":[18],"product_tag":[],"class_list":{"0":"post-908","1":"product","2":"type-product","3":"status-publish","4":"has-post-thumbnail","6":"product_cat-uncategorized","8":"first","9":"instock","10":"shipping-taxable","11":"purchasable","12":"product-type-simple"},"_links":{"self":[{"href":"https:\/\/shkodrasportevent.com\/en\/wp-json\/wp\/v2\/product\/908","targetHints":{"allow":["GET"]}}],"collection":[{"href":"https:\/\/shkodrasportevent.com\/en\/wp-json\/wp\/v2\/product"}],"about":[{"href":"https:\/\/shkodrasportevent.com\/en\/wp-json\/wp\/v2\/types\/product"}],"replies":[{"embeddable":true,"href":"https:\/\/shkodrasportevent.com\/en\/wp-json\/wp\/v2\/comments?post=908"}],"wp:featuredmedia":[{"embeddable":true,"href":"https:\/\/shkodrasportevent.com\/en\/wp-json\/wp\/v2\/media\/909"}],"wp:attachment":[{"href":"https:\/\/shkodrasportevent.com\/en\/wp-json\/wp\/v2\/media?parent=908"}],"wp:term":[{"taxonomy":"product_brand","embeddable":true,"href":"https:\/\/shkodrasportevent.com\/en\/wp-json\/wp\/v2\/product_brand?post=908"},{"taxonomy":"product_cat","embeddable":true,"href":"https:\/\/shkodrasportevent.com\/en\/wp-json\/wp\/v2\/product_cat?post=908"},{"taxonomy":"product_tag","embeddable":true,"href":"https:\/\/shkodrasportevent.com\/en\/wp-json\/wp\/v2\/product_tag?post=908"}],"curies":[{"name":"wp","href":"https:\/\/api.w.org\/{rel}","templated":true}]}}