{"id":952,"date":"2022-02-07T15:27:32","date_gmt":"2022-02-07T15:27:32","guid":{"rendered":"https:\/\/shkodrasportevent.com\/?post_type=product&#038;p=952"},"modified":"2022-02-07T15:27:33","modified_gmt":"2022-02-07T15:27:33","slug":"magnet-harta-e-shqiperise","status":"publish","type":"product","link":"https:\/\/shkodrasportevent.com\/en\/product\/magnet-harta-e-shqiperise\/","title":{"rendered":"Magnet, Harta e Shqip\u00ebris\u00eb"},"content":{"rendered":"","protected":false},"excerpt":{"rendered":"<p>Magnet, harta e Shqip\u00ebris\u00eb<\/p>","protected":false},"featured_media":953,"comment_status":"open","ping_status":"closed","template":"","meta":{"qubely_global_settings":"","qubely_interactions":""},"product_brand":[],"product_cat":[18],"product_tag":[],"class_list":{"0":"post-952","1":"product","2":"type-product","3":"status-publish","4":"has-post-thumbnail","6":"product_cat-uncategorized","8":"first","9":"instock","10":"shipping-taxable","11":"purchasable","12":"product-type-simple"},"_links":{"self":[{"href":"https:\/\/shkodrasportevent.com\/en\/wp-json\/wp\/v2\/product\/952","targetHints":{"allow":["GET"]}}],"collection":[{"href":"https:\/\/shkodrasportevent.com\/en\/wp-json\/wp\/v2\/product"}],"about":[{"href":"https:\/\/shkodrasportevent.com\/en\/wp-json\/wp\/v2\/types\/product"}],"replies":[{"embeddable":true,"href":"https:\/\/shkodrasportevent.com\/en\/wp-json\/wp\/v2\/comments?post=952"}],"wp:featuredmedia":[{"embeddable":true,"href":"https:\/\/shkodrasportevent.com\/en\/wp-json\/wp\/v2\/media\/953"}],"wp:attachment":[{"href":"https:\/\/shkodrasportevent.com\/en\/wp-json\/wp\/v2\/media?parent=952"}],"wp:term":[{"taxonomy":"product_brand","embeddable":true,"href":"https:\/\/shkodrasportevent.com\/en\/wp-json\/wp\/v2\/product_brand?post=952"},{"taxonomy":"product_cat","embeddable":true,"href":"https:\/\/shkodrasportevent.com\/en\/wp-json\/wp\/v2\/product_cat?post=952"},{"taxonomy":"product_tag","embeddable":true,"href":"https:\/\/shkodrasportevent.com\/en\/wp-json\/wp\/v2\/product_tag?post=952"}],"curies":[{"name":"wp","href":"https:\/\/api.w.org\/{rel}","templated":true}]}}